{"id":3,"date":"2024-12-16T12:59:38","date_gmt":"2024-12-16T12:59:38","guid":{"rendered":"https:\/\/demo.bravisthemes.com\/wellfood\/?page_id=3"},"modified":"2025-09-15T15:23:21","modified_gmt":"2025-09-15T15:23:21","slug":"privacy-policy","status":"publish","type":"page","link":"https:\/\/natapura.com\/pt\/privacy-policy\/","title":{"rendered":"Pol\u00edtica de privacidade"},"content":{"rendered":"<div data-elementor-type=\"wp-page\" data-elementor-id=\"3\" class=\"elementor elementor-3\" data-elementor-post-type=\"page\">\n\t\t\t\t<div class=\"elementor-element elementor-element-e1755c8 e-flex e-con-boxed e-con e-parent\" data-id=\"e1755c8\" data-element_type=\"container\">\n\t\t\t\t\t<div class=\"e-con-inner\">\n\t\t\t\t<div class=\"elementor-element elementor-element-ff2b53c elementor-widget__width-inherit elementor-widget elementor-widget-pxl_heading\" data-id=\"ff2b53c\" data-element_type=\"widget\" data-widget_type=\"pxl_heading.default\">\n\t\t\t\t<div class=\"elementor-widget-container\">\n\t\t\t\t\t\n<div id=\"pxl-pxl_heading-ff2b53c-9502\" class=\"pxl-heading px-sub-title-default-style\">\n\t<div class=\"pxl-heading--inner\">\n\t\t\n\t\t<h1 class=\"pxl-item--title style-default highlight-default\" data-wow-delay=\"ms\">\n\n\t\t\t<span class=\"pxl-heading--text\">\n\n\t\t\t\t\t\t\t\t\tPrivacidade e pol\u00edtica\t\n\t\t\t\t\t\n\n\t\t\t<\/span>\n\t\t<\/h1>\n\t\t\n\t<\/div>\n<\/div>\t\t\t\t<\/div>\n\t\t\t\t<\/div>\n\t\t\t\t\t<\/div>\n\t\t\t\t<\/div>\n\t\t<div class=\"elementor-element elementor-element-25837252 e-flex e-con-boxed e-con e-parent\" data-id=\"25837252\" data-element_type=\"container\">\n\t\t\t\t\t<div class=\"e-con-inner\">\n\t\t\t\t<div class=\"elementor-element elementor-element-3b33c06b elementor-widget elementor-widget-text-editor\" data-id=\"3b33c06b\" data-element_type=\"widget\" data-widget_type=\"text-editor.default\">\n\t\t\t\t\t\t\t\t\t\n<h3 class=\"fusion-responsive-typography-calculated wp-block-heading\" data-fontsize=\"27\" data-lineheight=\"35.099998px\">RECOLHA E UTILIZA\u00c7\u00c3O DE INFORMA\u00c7\u00d5ES - TERMOS E CONDI\u00c7\u00d5ES:<\/h3>\n<p>\u00a0<\/p>\n<p>Ao utilizar o nosso s\u00edtio Web, podemos pedir-lhe que nos forne\u00e7a determinadas informa\u00e7\u00f5es de identifica\u00e7\u00e3o pessoal, que podem ser utilizadas para o contactar ou identificar. As informa\u00e7\u00f5es de identifica\u00e7\u00e3o pessoal podem incluir detalhes como o seu endere\u00e7o de correio eletr\u00f3nico (\"Informa\u00e7\u00f5es pessoais\").<\/p>\n<p>O utilizador fornece diretamente \u00e0 Nata Pura a maior parte dos dados que recolhemos. Recolhemos dados e processamos dados quando o utilizador:<\/p>\n<ul>\n<li>Registar em linha ou fazer uma encomenda de qualquer um dos nossos produtos ou servi\u00e7os.<\/li>\n<li>Preencher voluntariamente um inqu\u00e9rito ao cliente ou fornecer feedback em qualquer um dos nossos pain\u00e9is de mensagens ou por correio eletr\u00f3nico.<\/li>\n<li>Utilizar ou visualizar o nosso s\u00edtio Web atrav\u00e9s dos cookies do seu navegador.<\/li>\n<\/ul>\n<h4 class=\"fusion-responsive-typography-calculated\" data-fontsize=\"20\" data-lineheight=\"30px\"><strong>O que s\u00e3o bolachas?<\/strong><\/h4>\n\n<p>\u00a0<\/p>\n<p>Os cookies s\u00e3o ficheiros de texto colocados no seu computador para recolher informa\u00e7\u00f5es de registo padr\u00e3o da Internet e informa\u00e7\u00f5es sobre o comportamento dos visitantes. Quando o utilizador visita os nossos s\u00edtios Web, podemos recolher informa\u00e7\u00f5es automaticamente atrav\u00e9s de cookies ou tecnologia semelhante<\/p>\n<p>Para mais informa\u00e7\u00f5es, visite allaboutcookies.org.<\/p>\n\n<h4 class=\"fusion-responsive-typography-calculated wp-block-heading\" data-fontsize=\"20\" data-lineheight=\"30px\"><strong>Como \u00e9 que utilizamos os cookies?<\/strong><\/h4>\n<p><br \/>Utilizamos cookies de v\u00e1rias formas para melhorar a sua experi\u00eancia no nosso s\u00edtio Web, incluindo:<\/p>\n<ul>\n<li>Manter a sess\u00e3o iniciada<\/li>\n<li>Compreender a forma como o utilizador utiliza o nosso s\u00edtio Web.<\/li>\n<\/ul>\n<p>Utilizamos as informa\u00e7\u00f5es recolhidas pelos cookies\u00a0<strong>unicamente<\/strong>\u00a0para an\u00e1lise de audi\u00eancias. Nunca partilharemos as suas informa\u00e7\u00f5es com terceiros, exceto as que retemos para efetuar an\u00e1lises (Google Analytics, etc.).<\/p>\n<h3 class=\"fusion-responsive-typography-calculated\" data-fontsize=\"27\" data-lineheight=\"35.099998px\">QUAIS S\u00c3O OS SEUS DIREITOS EM MAT\u00c9RIA DE PROTEC\u00c7\u00c3O DE DADOS?<\/h3>\n<p><br \/>A nossa empresa gostaria de garantir que o utilizador tem pleno conhecimento de todos os seus direitos em mat\u00e9ria de prote\u00e7\u00e3o de dados. Cada utilizador tem direito ao seguinte:<\/p>\n<p><strong>O direito de acesso<\/strong>\u00a0- O utilizador tem o direito de solicitar \u00e0 nossa empresa c\u00f3pias dos seus dados pessoais. Poderemos cobrar-lhe uma pequena taxa por este servi\u00e7o.<\/p>\n<p><strong>O direito de retifica\u00e7\u00e3o<\/strong>\u00a0- O utilizador tem o direito de solicitar que a Nossa Empresa corrija qualquer informa\u00e7\u00e3o que considere incorrecta. Tamb\u00e9m tem o direito de solicitar \u00e0 Nossa Empresa que complete as informa\u00e7\u00f5es que considera incompletas.<\/p>\n<p><strong>O direito ao apagamento<\/strong>\u00a0- O utilizador tem o direito de solicitar que a Nossa Empresa apague os seus dados pessoais, sob determinadas condi\u00e7\u00f5es.<\/p>\n<p><strong>O direito de restringir o tratamento<\/strong>\u00a0- O utilizador tem o direito de solicitar que a Nossa Empresa restrinja o processamento dos seus dados pessoais, sob determinadas condi\u00e7\u00f5es.<\/p>\n<p><strong>O direito de se opor ao tratamento<\/strong>\u00a0- O utilizador tem o direito de se opor ao tratamento dos seus dados pessoais pela Nossa Empresa, sob determinadas condi\u00e7\u00f5es.<\/p>\n<p><strong>O direito \u00e0 portabilidade dos dados<\/strong>\u00a0- Tem o direito de solicitar que a Nossa Empresa transfira os dados que recolhemos para outra organiza\u00e7\u00e3o, ou diretamente para si, sob determinadas condi\u00e7\u00f5es.<\/p>\n<p>Se fizer um pedido, dispomos de um m\u00eas para lhe responder. Se pretender exercer qualquer um destes direitos, contacte-nos atrav\u00e9s do nosso e-mail: info@byfoodsglobal.com<\/p>\n<h3 class=\"fusion-responsive-typography-calculated\" data-fontsize=\"27\" data-lineheight=\"35.099998px\">COMUNICA\u00c7\u00d5ES:<\/h3>\n<p><br \/>Podemos utilizar as suas informa\u00e7\u00f5es pessoais para o contactar com boletins informativos, marketing de materiais promocionais e outras informa\u00e7\u00f5es que possam ser do seu interesse. O utilizador pode optar por n\u00e3o receber qualquer ou todas estas comunica\u00e7\u00f5es da nossa parte, seguindo a liga\u00e7\u00e3o ou instru\u00e7\u00f5es de anula\u00e7\u00e3o da subscri\u00e7\u00e3o fornecidas em qualquer mensagem de correio eletr\u00f3nico que enviemos.<\/p>\t\t\t\t\t\t\t\t<\/div>\n\t\t\t\t\t<\/div>\n\t\t\t\t<\/div>\n\t\t\t\t<\/div>","protected":false},"excerpt":{"rendered":"<p>Privacidade e Pol\u00edtica RECOLHA E UTILIZA\u00c7\u00c3O DE INFORMA\u00c7\u00d5ES - TERMOS E CONDI\u00c7\u00d5ES:   Ao utilizar o nosso s\u00edtio Web, podemos solicitar-lhe que nos forne\u00e7a determinadas informa\u00e7\u00f5es de identifica\u00e7\u00e3o pessoal, que podem ser utilizadas para o contactar ou identificar. A informa\u00e7\u00e3o pessoal identific\u00e1vel pode incluir detalhes como o seu endere\u00e7o de correio eletr\u00f3nico (\"Informa\u00e7\u00e3o Pessoal\"). O utilizador fornece diretamente ao Nata Pura [...]<\/p>","protected":false},"author":1,"featured_media":4652,"parent":0,"menu_order":0,"comment_status":"closed","ping_status":"open","template":"","meta":{"content-type":"","footnotes":""},"class_list":["post-3","page","type-page","status-publish","has-post-thumbnail","hentry"],"yoast_head":"<!-- This site is optimized with the Yoast SEO plugin v25.5 - https:\/\/yoast.com\/wordpress\/plugins\/seo\/ -->\n<title>Privacy Policy | Nata Pura - how we protect your data<\/title>\n<meta name=\"description\" content=\"Read the Nata Pura privacy policy to see how we keep your personal data safe. It explains how your data is collected, used, and protected.\" \/>\n<meta name=\"robots\" content=\"index, follow, max-snippet:-1, max-image-preview:large, max-video-preview:-1\" \/>\n<link rel=\"canonical\" href=\"https:\/\/natapura.com\/pt\/privacy-policy\/\" \/>\n<meta property=\"og:locale\" content=\"pt_PT\" \/>\n<meta property=\"og:type\" content=\"article\" \/>\n<meta property=\"og:title\" content=\"Privacy Policy | Nata Pura - how we protect your data\" \/>\n<meta property=\"og:description\" content=\"Read the Nata Pura privacy policy to see how we keep your personal data safe. It explains how your data is collected, used, and protected.\" \/>\n<meta property=\"og:url\" content=\"https:\/\/natapura.com\/pt\/privacy-policy\/\" \/>\n<meta property=\"og:site_name\" content=\"Nata Pura\" \/>\n<meta property=\"article:modified_time\" content=\"2025-09-15T15:23:21+00:00\" \/>\n<meta property=\"og:image\" content=\"https:\/\/natapura.com\/wp-content\/uploads\/2025\/04\/Nata-Pura-02.png\" \/>\n\t<meta property=\"og:image:width\" content=\"471\" \/>\n\t<meta property=\"og:image:height\" content=\"619\" \/>\n\t<meta property=\"og:image:type\" content=\"image\/png\" \/>\n<meta name=\"twitter:card\" content=\"summary_large_image\" \/>\n<meta name=\"twitter:label1\" content=\"Tempo estimado de leitura\" \/>\n\t<meta name=\"twitter:data1\" content=\"3 minutos\" \/>\n<script type=\"application\/ld+json\" class=\"yoast-schema-graph\">{\"@context\":\"https:\/\/schema.org\",\"@graph\":[{\"@type\":\"WebPage\",\"@id\":\"https:\/\/natapura.com\/privacy-policy\/\",\"url\":\"https:\/\/natapura.com\/privacy-policy\/\",\"name\":\"Privacy Policy | Nata Pura - how we protect your data\",\"isPartOf\":{\"@id\":\"https:\/\/natapura.com\/en\/#website\"},\"primaryImageOfPage\":{\"@id\":\"https:\/\/natapura.com\/privacy-policy\/#primaryimage\"},\"image\":{\"@id\":\"https:\/\/natapura.com\/privacy-policy\/#primaryimage\"},\"thumbnailUrl\":\"https:\/\/natapura.com\/wp-content\/uploads\/2025\/04\/Nata-Pura-02.png\",\"datePublished\":\"2024-12-16T12:59:38+00:00\",\"dateModified\":\"2025-09-15T15:23:21+00:00\",\"description\":\"Read the Nata Pura privacy policy to see how we keep your personal data safe. It explains how your data is collected, used, and protected.\",\"breadcrumb\":{\"@id\":\"https:\/\/natapura.com\/privacy-policy\/#breadcrumb\"},\"inLanguage\":\"pt-PT\",\"potentialAction\":[{\"@type\":\"ReadAction\",\"target\":[\"https:\/\/natapura.com\/privacy-policy\/\"]}]},{\"@type\":\"ImageObject\",\"inLanguage\":\"pt-PT\",\"@id\":\"https:\/\/natapura.com\/privacy-policy\/#primaryimage\",\"url\":\"https:\/\/natapura.com\/wp-content\/uploads\/2025\/04\/Nata-Pura-02.png\",\"contentUrl\":\"https:\/\/natapura.com\/wp-content\/uploads\/2025\/04\/Nata-Pura-02.png\",\"width\":471,\"height\":619,\"caption\":\"Nata Pura Privacy Policy\"},{\"@type\":\"BreadcrumbList\",\"@id\":\"https:\/\/natapura.com\/privacy-policy\/#breadcrumb\",\"itemListElement\":[{\"@type\":\"ListItem\",\"position\":1,\"name\":\"Home\",\"item\":\"https:\/\/natapura.com\/\"},{\"@type\":\"ListItem\",\"position\":2,\"name\":\"Privacy Policy\"}]},{\"@type\":\"WebSite\",\"@id\":\"https:\/\/natapura.com\/en\/#website\",\"url\":\"https:\/\/natapura.com\/en\/\",\"name\":\"Nata Pura\",\"description\":\"A Cup of Kindness\",\"publisher\":{\"@id\":\"https:\/\/natapura.com\/en\/#organization\"},\"potentialAction\":[{\"@type\":\"SearchAction\",\"target\":{\"@type\":\"EntryPoint\",\"urlTemplate\":\"https:\/\/natapura.com\/en\/?s={search_term_string}\"},\"query-input\":{\"@type\":\"PropertyValueSpecification\",\"valueRequired\":true,\"valueName\":\"search_term_string\"}}],\"inLanguage\":\"pt-PT\"},{\"@type\":\"Organization\",\"@id\":\"https:\/\/natapura.com\/en\/#organization\",\"name\":\"Nata Pura\",\"url\":\"https:\/\/natapura.com\/en\/\",\"logo\":{\"@type\":\"ImageObject\",\"inLanguage\":\"pt-PT\",\"@id\":\"https:\/\/natapura.com\/en\/#\/schema\/logo\/image\/\",\"url\":\"https:\/\/natapura.com\/wp-content\/uploads\/2025\/04\/Nata-Pura_Logo-White.svg\",\"contentUrl\":\"https:\/\/natapura.com\/wp-content\/uploads\/2025\/04\/Nata-Pura_Logo-White.svg\",\"width\":159,\"height\":42,\"caption\":\"Nata Pura\"},\"image\":{\"@id\":\"https:\/\/natapura.com\/en\/#\/schema\/logo\/image\/\"}}]}<\/script>\n<!-- \/ Yoast SEO plugin. -->","yoast_head_json":{"title":"Pol\u00edtica de Privacidade | Nata Pura - como protegemos os seus dados","description":"Leia a pol\u00edtica de privacidade do Nata Pura para saber como mantemos os seus dados pessoais seguros. Esta explica como os seus dados s\u00e3o recolhidos, utilizados e protegidos.","robots":{"index":"index","follow":"follow","max-snippet":"max-snippet:-1","max-image-preview":"max-image-preview:large","max-video-preview":"max-video-preview:-1"},"canonical":"https:\/\/natapura.com\/pt\/privacy-policy\/","og_locale":"pt_PT","og_type":"article","og_title":"Privacy Policy | Nata Pura - how we protect your data","og_description":"Read the Nata Pura privacy policy to see how we keep your personal data safe. It explains how your data is collected, used, and protected.","og_url":"https:\/\/natapura.com\/pt\/privacy-policy\/","og_site_name":"Nata Pura","article_modified_time":"2025-09-15T15:23:21+00:00","og_image":[{"width":471,"height":619,"url":"https:\/\/natapura.com\/wp-content\/uploads\/2025\/04\/Nata-Pura-02.png","type":"image\/png"}],"twitter_card":"summary_large_image","twitter_misc":{"Tempo estimado de leitura":"3 minutos"},"schema":{"@context":"https:\/\/schema.org","@graph":[{"@type":"WebPage","@id":"https:\/\/natapura.com\/privacy-policy\/","url":"https:\/\/natapura.com\/privacy-policy\/","name":"Pol\u00edtica de Privacidade | Nata Pura - como protegemos os seus dados","isPartOf":{"@id":"https:\/\/natapura.com\/en\/#website"},"primaryImageOfPage":{"@id":"https:\/\/natapura.com\/privacy-policy\/#primaryimage"},"image":{"@id":"https:\/\/natapura.com\/privacy-policy\/#primaryimage"},"thumbnailUrl":"https:\/\/natapura.com\/wp-content\/uploads\/2025\/04\/Nata-Pura-02.png","datePublished":"2024-12-16T12:59:38+00:00","dateModified":"2025-09-15T15:23:21+00:00","description":"Leia a pol\u00edtica de privacidade do Nata Pura para saber como mantemos os seus dados pessoais seguros. Esta explica como os seus dados s\u00e3o recolhidos, utilizados e protegidos.","breadcrumb":{"@id":"https:\/\/natapura.com\/privacy-policy\/#breadcrumb"},"inLanguage":"pt-PT","potentialAction":[{"@type":"ReadAction","target":["https:\/\/natapura.com\/privacy-policy\/"]}]},{"@type":"ImageObject","inLanguage":"pt-PT","@id":"https:\/\/natapura.com\/privacy-policy\/#primaryimage","url":"https:\/\/natapura.com\/wp-content\/uploads\/2025\/04\/Nata-Pura-02.png","contentUrl":"https:\/\/natapura.com\/wp-content\/uploads\/2025\/04\/Nata-Pura-02.png","width":471,"height":619,"caption":"Nata Pura Privacy Policy"},{"@type":"BreadcrumbList","@id":"https:\/\/natapura.com\/privacy-policy\/#breadcrumb","itemListElement":[{"@type":"ListItem","position":1,"name":"Home","item":"https:\/\/natapura.com\/"},{"@type":"ListItem","position":2,"name":"Privacy Policy"}]},{"@type":"WebSite","@id":"https:\/\/natapura.com\/en\/#website","url":"https:\/\/natapura.com\/en\/","name":"Nata Pura","description":"Uma ch\u00e1vena de bondade","publisher":{"@id":"https:\/\/natapura.com\/en\/#organization"},"potentialAction":[{"@type":"SearchAction","target":{"@type":"EntryPoint","urlTemplate":"https:\/\/natapura.com\/en\/?s={search_term_string}"},"query-input":{"@type":"PropertyValueSpecification","valueRequired":true,"valueName":"search_term_string"}}],"inLanguage":"pt-PT"},{"@type":"Organization","@id":"https:\/\/natapura.com\/en\/#organization","name":"Nata Pura","url":"https:\/\/natapura.com\/en\/","logo":{"@type":"ImageObject","inLanguage":"pt-PT","@id":"https:\/\/natapura.com\/en\/#\/schema\/logo\/image\/","url":"https:\/\/natapura.com\/wp-content\/uploads\/2025\/04\/Nata-Pura_Logo-White.svg","contentUrl":"https:\/\/natapura.com\/wp-content\/uploads\/2025\/04\/Nata-Pura_Logo-White.svg","width":159,"height":42,"caption":"Nata Pura"},"image":{"@id":"https:\/\/natapura.com\/en\/#\/schema\/logo\/image\/"}}]}},"_links":{"self":[{"href":"https:\/\/natapura.com\/pt\/wp-json\/wp\/v2\/pages\/3","targetHints":{"allow":["GET"]}}],"collection":[{"href":"https:\/\/natapura.com\/pt\/wp-json\/wp\/v2\/pages"}],"about":[{"href":"https:\/\/natapura.com\/pt\/wp-json\/wp\/v2\/types\/page"}],"author":[{"embeddable":true,"href":"https:\/\/natapura.com\/pt\/wp-json\/wp\/v2\/users\/1"}],"replies":[{"embeddable":true,"href":"https:\/\/natapura.com\/pt\/wp-json\/wp\/v2\/comments?post=3"}],"version-history":[{"count":0,"href":"https:\/\/natapura.com\/pt\/wp-json\/wp\/v2\/pages\/3\/revisions"}],"wp:featuredmedia":[{"embeddable":true,"href":"https:\/\/natapura.com\/pt\/wp-json\/wp\/v2\/media\/4652"}],"wp:attachment":[{"href":"https:\/\/natapura.com\/pt\/wp-json\/wp\/v2\/media?parent=3"}],"curies":[{"name":"wp","href":"https:\/\/api.w.org\/{rel}","templated":true}]}}